{"id":1233,"date":"2022-12-11T23:56:18","date_gmt":"2022-12-11T22:56:18","guid":{"rendered":"https:\/\/www.hosteen.ma\/?page_id=1233"},"modified":"2025-03-19T17:36:08","modified_gmt":"2025-03-19T16:36:08","slug":"comment-ca-marche","status":"publish","type":"page","link":"https:\/\/hosteen.be\/ar\/comment-ca-marche\/","title":{"rendered":"\u0643\u064a\u0641 \u062a\u0639\u0645\u0644\u061f"},"content":{"rendered":"<style>.wp-block-kadence-advancedheading.kt-adv-heading1233_d29f59-52, .wp-block-kadence-advancedheading.kt-adv-heading1233_d29f59-52[data-kb-block=\"kb-adv-heading1233_d29f59-52\"]{text-align:center;font-style:normal;}.wp-block-kadence-advancedheading.kt-adv-heading1233_d29f59-52 mark.kt-highlight, .wp-block-kadence-advancedheading.kt-adv-heading1233_d29f59-52[data-kb-block=\"kb-adv-heading1233_d29f59-52\"] mark.kt-highlight{font-size:1px;font-style:normal;color:#f76a0c;-webkit-box-decoration-break:clone;box-decoration-break:clone;padding-top:0px;padding-right:0px;padding-bottom:0px;padding-left:0px;}<\/style>\n<h2 class=\"kt-adv-heading1233_d29f59-52 wp-block-kadence-advancedheading\" data-kb-block=\"kb-adv-heading1233_d29f59-52\">Formulaire cr\u00e9ation personnes morales<\/h2><style>.wp-block-kadence-advancedheading.kt-adv-heading1233_3d0781-3c, .wp-block-kadence-advancedheading.kt-adv-heading1233_3d0781-3c[data-kb-block=\"kb-adv-heading1233_3d0781-3c\"]{text-align:center;font-size:25px;font-style:normal;}.wp-block-kadence-advancedheading.kt-adv-heading1233_3d0781-3c mark.kt-highlight, .wp-block-kadence-advancedheading.kt-adv-heading1233_3d0781-3c[data-kb-block=\"kb-adv-heading1233_3d0781-3c\"] mark.kt-highlight{font-style:normal;color:#f76a0c;-webkit-box-decoration-break:clone;box-decoration-break:clone;padding-top:0px;padding-right:0px;padding-bottom:0px;padding-left:0px;}<\/style>\n<h2 class=\"kt-adv-heading1233_3d0781-3c wp-block-kadence-advancedheading\" data-kb-block=\"kb-adv-heading1233_3d0781-3c\">Pack Cr\u00e9ation Personne morale<br>Tarif cr\u00e9ation 1200 DH TTC<br><strong>(<strong>frais<\/strong><\/strong> <strong>administratifs non inclus 1600 DH TTC )<\/strong><\/h2><style>.wp-block-kadence-advancedheading.kt-adv-heading1233_782b75-ba, .wp-block-kadence-advancedheading.kt-adv-heading1233_782b75-ba[data-kb-block=\"kb-adv-heading1233_782b75-ba\"]{text-align:center;font-size:20px;font-style:normal;}.wp-block-kadence-advancedheading.kt-adv-heading1233_782b75-ba mark.kt-highlight, .wp-block-kadence-advancedheading.kt-adv-heading1233_782b75-ba[data-kb-block=\"kb-adv-heading1233_782b75-ba\"] mark.kt-highlight{font-style:normal;color:#f76a0c;-webkit-box-decoration-break:clone;box-decoration-break:clone;padding-top:0px;padding-right:0px;padding-bottom:0px;padding-left:0px;}<\/style>\n<h2 class=\"kt-adv-heading1233_782b75-ba wp-block-kadence-advancedheading\" data-kb-block=\"kb-adv-heading1233_782b75-ba\"><\/h2><p><\/p><p class=\"has-text-align-center has-large-font-size\"><strong>Comment se d\u00e9roule votre constitution ?<\/strong><\/p><style>.kb-row-layout-id1233_408dd8-08 > .kt-row-column-wrap{align-content:start;}:where(.kb-row-layout-id1233_408dd8-08 > .kt-row-column-wrap) > .wp-block-kadence-column{justify-content:start;}.kb-row-layout-id1233_408dd8-08 > .kt-row-column-wrap{column-gap:var(--global-kb-gap-md, 2rem);row-gap:var(--global-kb-gap-md, 2rem);padding-top:var(--global-kb-spacing-sm, 1.5rem);padding-bottom:var(--global-kb-spacing-sm, 1.5rem);}.kb-row-layout-id1233_408dd8-08 > .kt-row-column-wrap > div:not(.added-for-specificity){grid-column:initial;}.kb-row-layout-id1233_408dd8-08 > .kt-row-column-wrap{grid-template-columns:repeat(3, minmax(0, 1fr));}.kb-row-layout-id1233_408dd8-08 > .kt-row-layout-overlay{opacity:0.30;}@media all and (max-width: 1024px){.kb-row-layout-id1233_408dd8-08 > .kt-row-column-wrap > div:not(.added-for-specificity){grid-column:initial;}}@media all and (max-width: 1024px){.kb-row-layout-id1233_408dd8-08 > .kt-row-column-wrap{grid-template-columns:repeat(3, minmax(0, 1fr));}}@media all and (max-width: 767px){.kb-row-layout-id1233_408dd8-08 > .kt-row-column-wrap > div:not(.added-for-specificity){grid-column:initial;}.kb-row-layout-id1233_408dd8-08 > .kt-row-column-wrap{grid-template-columns:minmax(0, 1fr);}}<\/style><div class=\"kb-row-layout-wrap kb-row-layout-id1233_408dd8-08 alignnone wp-block-kadence-rowlayout\"><div class=\"kt-row-column-wrap kt-has-3-columns kt-row-layout-equal kt-tab-layout-inherit kt-mobile-layout-row kt-row-valign-top\">\n<style>.kadence-column1233_8450de-a8 > .kt-inside-inner-col,.kadence-column1233_8450de-a8 > .kt-inside-inner-col:before{border-top-left-radius:0px;border-top-right-radius:0px;border-bottom-right-radius:0px;border-bottom-left-radius:0px;}.kadence-column1233_8450de-a8 > .kt-inside-inner-col{column-gap:var(--global-kb-gap-sm, 1rem);}.kadence-column1233_8450de-a8 > .kt-inside-inner-col{flex-direction:column;}.kadence-column1233_8450de-a8 > .kt-inside-inner-col > .aligncenter{width:100%;}.kadence-column1233_8450de-a8 > .kt-inside-inner-col:before{opacity:0.3;}.kadence-column1233_8450de-a8{position:relative;}@media all and (max-width: 1024px){.kadence-column1233_8450de-a8 > .kt-inside-inner-col{flex-direction:column;}}@media all and (max-width: 767px){.kadence-column1233_8450de-a8 > .kt-inside-inner-col{flex-direction:column;}}<\/style>\n<div class=\"wp-block-kadence-column kadence-column1233_8450de-a8 inner-column-1\"><div class=\"kt-inside-inner-col\"><style>.wp-block-kadence-column.kb-section-dir-horizontal > .kt-inside-inner-col > .kt-info-box1233_977cc6-6b .kt-blocks-info-box-link-wrap{max-width:unset;}.kt-info-box1233_977cc6-6b .kt-blocks-info-box-link-wrap{border-top:5px solid #eeeeee;border-right:5px solid #eeeeee;border-bottom:5px solid #eeeeee;border-left:5px solid #eeeeee;border-top-left-radius:20px;border-top-right-radius:20px;border-bottom-right-radius:20px;border-bottom-left-radius:20px;background:#ffffff;padding-top:24px;padding-right:24px;padding-bottom:24px;padding-left:24px;margin-top:50px;}.kt-info-box1233_977cc6-6b .kt-blocks-info-box-link-wrap:hover{background:#ffffff;}.kt-info-box1233_977cc6-6b .kadence-info-box-icon-container .kt-info-svg-icon, .kt-info-box1233_977cc6-6b .kt-info-svg-icon-flip, .kt-info-box1233_977cc6-6b .kt-blocks-info-box-number{font-size:50px;}.kt-info-box1233_977cc6-6b .kt-blocks-info-box-media{color:#444444;background:#ffffff;border-color:#eeeeee;border-radius:200px;overflow:hidden;border-top-width:5px;border-right-width:5px;border-bottom-width:5px;border-left-width:5px;padding-top:20px;padding-right:20px;padding-bottom:20px;padding-left:20px;}.kt-info-box1233_977cc6-6b .kt-blocks-info-box-media-container{margin-top:-75px;margin-right:0px;margin-bottom:20px;margin-left:0px;}.kt-info-box1233_977cc6-6b .kt-blocks-info-box-media .kadence-info-box-image-intrisic img{border-radius:200px;}.kt-info-box1233_977cc6-6b .kt-blocks-info-box-link-wrap:hover .kt-blocks-info-box-media{color:#444444;background:#ffffff;border-color:#eeeeee;}.kt-info-box1233_977cc6-6b .kt-infobox-textcontent h2.kt-blocks-info-box-title{padding-top:0px;padding-right:0px;padding-bottom:0px;padding-left:0px;margin-top:5px;margin-right:0px;margin-bottom:10px;margin-left:0px;}.kt-info-box1233_977cc6-6b .kt-infobox-textcontent .kt-blocks-info-box-text{color:#555555;}.kt-info-box1233_977cc6-6b .kt-blocks-info-box-learnmore{background:transparent;border-color:#555555;border-width:0px 0px 0px 0px;padding-top:4px;padding-right:8px;padding-bottom:4px;padding-left:8px;margin-top:10px;margin-right:0px;margin-bottom:10px;margin-left:0px;}.kt-info-box1233_977cc6-6b .kt-blocks-info-box-link-wrap:hover .kt-blocks-info-box-learnmore,.kt-info-box1233_977cc6-6b .kt-blocks-info-box-link-wrap .kt-blocks-info-box-learnmore:focus{color:#ffffff;background:#444444;border-color:#444444;}@media all and (max-width: 1024px){.kt-info-box1233_977cc6-6b .kt-blocks-info-box-link-wrap{border-top:5px solid #eeeeee;border-right:5px solid #eeeeee;border-bottom:5px solid #eeeeee;border-left:5px solid #eeeeee;}}@media all and (max-width: 767px){.kt-info-box1233_977cc6-6b .kt-blocks-info-box-link-wrap{border-top:5px solid #eeeeee;border-right:5px solid #eeeeee;border-bottom:5px solid #eeeeee;border-left:5px solid #eeeeee;}}<\/style>\n<div class=\"wp-block-kadence-infobox kt-info-box1233_977cc6-6b\"><span class=\"kt-blocks-info-box-link-wrap info-box-link kt-blocks-info-box-media-align-top kt-info-halign-center\"><div class=\"kt-blocks-info-box-media-container\"><div class=\"kt-blocks-info-box-media kt-info-media-animate-none\"><div class=\"kadence-info-box-icon-container kt-info-icon-animate-none\"><div class=\"kadence-info-box-icon-inner-container\"><span class=\"kb-svg-icon-wrap kb-svg-icon-ic_circleRight kt-info-svg-icon\"><svg viewbox=\"0 0 8 8\"  fill=\"currentColor\" xmlns=\"http:\/\/www.w3.org\/2000\/svg\"  aria-hidden=\"true\"><path d=\"M4 0c-2.21 0-4 1.79-4 4s1.79 4 4 4 4-1.79 4-4-1.79-4-4-4zm0 1l3 3-3 3v-2h-3v-2h3v-2z\"\/><\/svg><\/span><\/div><\/div><\/div><\/div><div class=\"kt-infobox-textcontent\"><h2 class=\"kt-blocks-info-box-title\">Questionnaire<\/h2><p class=\"kt-blocks-info-box-text\">Remplissez le pr\u00e9sent questionnaire. En cas de besoin, nous sommes l\u00e0:<br>WhatsApp: <br>+212660797025<\/p><\/div><\/span><\/div><\/div><\/div>\n\n<style>.kadence-column1233_802351-42 > .kt-inside-inner-col,.kadence-column1233_802351-42 > .kt-inside-inner-col:before{border-top-left-radius:0px;border-top-right-radius:0px;border-bottom-right-radius:0px;border-bottom-left-radius:0px;}.kadence-column1233_802351-42 > .kt-inside-inner-col{column-gap:var(--global-kb-gap-sm, 1rem);}.kadence-column1233_802351-42 > .kt-inside-inner-col{flex-direction:column;}.kadence-column1233_802351-42 > .kt-inside-inner-col > .aligncenter{width:100%;}.kadence-column1233_802351-42 > .kt-inside-inner-col:before{opacity:0.3;}.kadence-column1233_802351-42{position:relative;}@media all and (max-width: 1024px){.kadence-column1233_802351-42 > .kt-inside-inner-col{flex-direction:column;}}@media all and (max-width: 767px){.kadence-column1233_802351-42 > .kt-inside-inner-col{flex-direction:column;}}<\/style>\n<div class=\"wp-block-kadence-column kadence-column1233_802351-42 inner-column-2\"><div class=\"kt-inside-inner-col\"><style>.wp-block-kadence-column.kb-section-dir-horizontal > .kt-inside-inner-col > .kt-info-box1233_7eda5c-ee .kt-blocks-info-box-link-wrap{max-width:unset;}.kt-info-box1233_7eda5c-ee .kt-blocks-info-box-link-wrap{border-top:5px solid #eeeeee;border-right:5px solid #eeeeee;border-bottom:5px solid #eeeeee;border-left:5px solid #eeeeee;border-top-left-radius:20px;border-top-right-radius:20px;border-bottom-right-radius:20px;border-bottom-left-radius:20px;background:#ffffff;padding-top:24px;padding-right:24px;padding-bottom:24px;padding-left:24px;margin-top:50px;}.kt-info-box1233_7eda5c-ee .kt-blocks-info-box-link-wrap:hover{background:#ffffff;}.kt-info-box1233_7eda5c-ee .kadence-info-box-icon-container .kt-info-svg-icon, .kt-info-box1233_7eda5c-ee .kt-info-svg-icon-flip, .kt-info-box1233_7eda5c-ee .kt-blocks-info-box-number{font-size:50px;}.kt-info-box1233_7eda5c-ee .kt-blocks-info-box-media{color:#444444;background:#ffffff;border-color:#eeeeee;border-radius:200px;overflow:hidden;border-top-width:5px;border-right-width:5px;border-bottom-width:5px;border-left-width:5px;padding-top:20px;padding-right:20px;padding-bottom:20px;padding-left:20px;}.kt-info-box1233_7eda5c-ee .kt-blocks-info-box-media-container{margin-top:-75px;margin-right:0px;margin-bottom:20px;margin-left:0px;}.kt-info-box1233_7eda5c-ee .kt-blocks-info-box-media .kadence-info-box-image-intrisic img{border-radius:200px;}.kt-info-box1233_7eda5c-ee .kt-blocks-info-box-link-wrap:hover .kt-blocks-info-box-media{color:#444444;background:#ffffff;border-color:#eeeeee;}.kt-info-box1233_7eda5c-ee .kt-infobox-textcontent h2.kt-blocks-info-box-title{padding-top:0px;padding-right:0px;padding-bottom:0px;padding-left:0px;margin-top:5px;margin-right:0px;margin-bottom:10px;margin-left:0px;}.kt-info-box1233_7eda5c-ee .kt-infobox-textcontent .kt-blocks-info-box-text{color:#555555;}.kt-info-box1233_7eda5c-ee .kt-blocks-info-box-learnmore{background:transparent;border-color:#555555;border-width:0px 0px 0px 0px;padding-top:4px;padding-right:8px;padding-bottom:4px;padding-left:8px;margin-top:10px;margin-right:0px;margin-bottom:10px;margin-left:0px;}.kt-info-box1233_7eda5c-ee .kt-blocks-info-box-link-wrap:hover .kt-blocks-info-box-learnmore,.kt-info-box1233_7eda5c-ee .kt-blocks-info-box-link-wrap .kt-blocks-info-box-learnmore:focus{color:#ffffff;background:#444444;border-color:#444444;}@media all and (max-width: 1024px){.kt-info-box1233_7eda5c-ee .kt-blocks-info-box-link-wrap{border-top:5px solid #eeeeee;border-right:5px solid #eeeeee;border-bottom:5px solid #eeeeee;border-left:5px solid #eeeeee;}}@media all and (max-width: 767px){.kt-info-box1233_7eda5c-ee .kt-blocks-info-box-link-wrap{border-top:5px solid #eeeeee;border-right:5px solid #eeeeee;border-bottom:5px solid #eeeeee;border-left:5px solid #eeeeee;}}<\/style>\n<div class=\"wp-block-kadence-infobox kt-info-box1233_7eda5c-ee\"><span class=\"kt-blocks-info-box-link-wrap info-box-link kt-blocks-info-box-media-align-top kt-info-halign-center\"><div class=\"kt-blocks-info-box-media-container\"><div class=\"kt-blocks-info-box-media kt-info-media-animate-none\"><div class=\"kadence-info-box-icon-container kt-info-icon-animate-none\"><div class=\"kadence-info-box-icon-inner-container\"><span class=\"kb-svg-icon-wrap kb-svg-icon-ic_circleRight kt-info-svg-icon\"><svg viewbox=\"0 0 8 8\"  fill=\"currentColor\" xmlns=\"http:\/\/www.w3.org\/2000\/svg\"  aria-hidden=\"true\"><path d=\"M4 0c-2.21 0-4 1.79-4 4s1.79 4 4 4 4-1.79 4-4-1.79-4-4-4zm0 1l3 3-3 3v-2h-3v-2h3v-2z\"\/><\/svg><\/span><\/div><\/div><\/div><\/div><div class=\"kt-infobox-textcontent\"><h2 class=\"kt-blocks-info-box-title\">Paiement<\/h2><p class=\"kt-blocks-info-box-text\">Puis, choisissez votre formule, validez votre commande et obtenez votre dossier complet par email. La proc\u00e9dure est 100% en ligne.<\/p><\/div><\/span><\/div><\/div><\/div>\n\n<style>.kadence-column1233_95176b-fe > .kt-inside-inner-col,.kadence-column1233_95176b-fe > .kt-inside-inner-col:before{border-top-left-radius:0px;border-top-right-radius:0px;border-bottom-right-radius:0px;border-bottom-left-radius:0px;}.kadence-column1233_95176b-fe > .kt-inside-inner-col{column-gap:var(--global-kb-gap-sm, 1rem);}.kadence-column1233_95176b-fe > .kt-inside-inner-col{flex-direction:column;}.kadence-column1233_95176b-fe > .kt-inside-inner-col > .aligncenter{width:100%;}.kadence-column1233_95176b-fe > .kt-inside-inner-col:before{opacity:0.3;}.kadence-column1233_95176b-fe{position:relative;}@media all and (max-width: 1024px){.kadence-column1233_95176b-fe > .kt-inside-inner-col{flex-direction:column;}}@media all and (max-width: 767px){.kadence-column1233_95176b-fe > .kt-inside-inner-col{flex-direction:column;}}<\/style>\n<div class=\"wp-block-kadence-column kadence-column1233_95176b-fe inner-column-3\"><div class=\"kt-inside-inner-col\"><style>.wp-block-kadence-column.kb-section-dir-horizontal > .kt-inside-inner-col > .kt-info-box1233_f41685-00 .kt-blocks-info-box-link-wrap{max-width:unset;}.kt-info-box1233_f41685-00 .kt-blocks-info-box-link-wrap{border-top:5px solid #eeeeee;border-right:5px solid #eeeeee;border-bottom:5px solid #eeeeee;border-left:5px solid #eeeeee;border-top-left-radius:20px;border-top-right-radius:20px;border-bottom-right-radius:20px;border-bottom-left-radius:20px;background:#ffffff;padding-top:24px;padding-right:24px;padding-bottom:24px;padding-left:24px;margin-top:50px;}.kt-info-box1233_f41685-00 .kt-blocks-info-box-link-wrap:hover{background:#ffffff;}.kt-info-box1233_f41685-00 .kadence-info-box-icon-container .kt-info-svg-icon, .kt-info-box1233_f41685-00 .kt-info-svg-icon-flip, .kt-info-box1233_f41685-00 .kt-blocks-info-box-number{font-size:50px;}.kt-info-box1233_f41685-00 .kt-blocks-info-box-media{color:#444444;background:#ffffff;border-color:#eeeeee;border-radius:200px;overflow:hidden;border-top-width:5px;border-right-width:5px;border-bottom-width:5px;border-left-width:5px;padding-top:20px;padding-right:20px;padding-bottom:20px;padding-left:20px;}.kt-info-box1233_f41685-00 .kt-blocks-info-box-media-container{margin-top:-75px;margin-right:0px;margin-bottom:20px;margin-left:0px;}.kt-info-box1233_f41685-00 .kt-blocks-info-box-media .kadence-info-box-image-intrisic img{border-radius:200px;}.kt-info-box1233_f41685-00 .kt-blocks-info-box-link-wrap:hover .kt-blocks-info-box-media{color:#444444;background:#ffffff;border-color:#eeeeee;}.kt-info-box1233_f41685-00 .kt-infobox-textcontent h2.kt-blocks-info-box-title{padding-top:0px;padding-right:0px;padding-bottom:0px;padding-left:0px;margin-top:5px;margin-right:0px;margin-bottom:10px;margin-left:0px;}.kt-info-box1233_f41685-00 .kt-infobox-textcontent .kt-blocks-info-box-text{color:#555555;}.kt-info-box1233_f41685-00 .kt-blocks-info-box-learnmore{background:transparent;border-color:#555555;border-width:0px 0px 0px 0px;padding-top:4px;padding-right:8px;padding-bottom:4px;padding-left:8px;margin-top:10px;margin-right:0px;margin-bottom:10px;margin-left:0px;}.kt-info-box1233_f41685-00 .kt-blocks-info-box-link-wrap:hover .kt-blocks-info-box-learnmore,.kt-info-box1233_f41685-00 .kt-blocks-info-box-link-wrap .kt-blocks-info-box-learnmore:focus{color:#ffffff;background:#444444;border-color:#444444;}@media all and (max-width: 1024px){.kt-info-box1233_f41685-00 .kt-blocks-info-box-link-wrap{border-top:5px solid #eeeeee;border-right:5px solid #eeeeee;border-bottom:5px solid #eeeeee;border-left:5px solid #eeeeee;}}@media all and (max-width: 767px){.kt-info-box1233_f41685-00 .kt-blocks-info-box-link-wrap{border-top:5px solid #eeeeee;border-right:5px solid #eeeeee;border-bottom:5px solid #eeeeee;border-left:5px solid #eeeeee;}}<\/style>\n<div class=\"wp-block-kadence-infobox kt-info-box1233_f41685-00\"><span class=\"kt-blocks-info-box-link-wrap info-box-link kt-blocks-info-box-media-align-top kt-info-halign-center\"><div class=\"kt-blocks-info-box-media-container\"><div class=\"kt-blocks-info-box-media kt-info-media-animate-none\"><div class=\"kadence-info-box-icon-container kt-info-icon-animate-none\"><div class=\"kadence-info-box-icon-inner-container\"><span class=\"kb-svg-icon-wrap kb-svg-icon-ic_check kt-info-svg-icon\"><svg viewbox=\"0 0 8 8\"  fill=\"currentColor\" xmlns=\"http:\/\/www.w3.org\/2000\/svg\"  aria-hidden=\"true\"><path d=\"M6.41 0l-.69.72-2.78 2.78-.81-.78-.72-.72-1.41 1.41.72.72 1.5 1.5.69.72.72-.72 3.5-3.5.72-.72-1.44-1.41z\" transform=\"translate(0 1)\"\/><\/svg><\/span><\/div><\/div><\/div><\/div><div class=\"kt-infobox-textcontent\"><h2 class=\"kt-blocks-info-box-title\">Formalit\u00e9s<\/h2><p class=\"kt-blocks-info-box-text\">Nous g\u00e9rons ensuite vos formalit\u00e9s depuis le certificat n\u00e9gatif jusqu&rsquo;\u00e0 l&rsquo;obtention de votre RC et le dossier complet de votre cr\u00e9ation.<\/p><\/div><\/span><\/div><\/div><\/div>\n<\/div><\/div><p><\/p>","protected":false},"excerpt":{"rendered":"<p>Formulaire cr\u00e9ation personnes morales Pack Cr\u00e9ation Personne moraleTarif cr\u00e9ation 1200 DH TTC(frais administratifs non inclus 1600 DH TTC ) Comment se d\u00e9roule votre constitution ?<\/p>","protected":false},"author":1,"featured_media":0,"parent":0,"menu_order":0,"comment_status":"closed","ping_status":"closed","template":"","meta":{"_acf_changed":false,"_kadence_starter_templates_imported_post":false,"_kad_post_transparent":"","_kad_post_title":"","_kad_post_layout":"","_kad_post_sidebar_id":"","_kad_post_content_style":"","_kad_post_vertical_padding":"","_kad_post_feature":"","_kad_post_feature_position":"","_kad_post_header":false,"_kad_post_footer":false,"footnotes":""},"class_list":["post-1233","page","type-page","status-publish","hentry"],"acf":[],"yoast_head":"<!-- This site is optimized with the Yoast SEO plugin v24.7 - https:\/\/yoast.com\/wordpress\/plugins\/seo\/ -->\n<title>Comment \u00e7a Marche? - Domiciliation -Se Domicilier- 100% en ligne au Maroc<\/title>\n<meta name=\"robots\" content=\"index, follow, max-snippet:-1, max-image-preview:large, max-video-preview:-1\" \/>\n<link rel=\"canonical\" href=\"https:\/\/hosteen.be\/ar\/comment-ca-marche\/\" \/>\n<meta property=\"og:locale\" content=\"ar_AR\" \/>\n<meta property=\"og:type\" content=\"article\" \/>\n<meta property=\"og:title\" content=\"Comment \u00e7a Marche? - Domiciliation -Se Domicilier- 100% en ligne au Maroc\" \/>\n<meta property=\"og:description\" content=\"Formulaire cr\u00e9ation personnes morales Pack Cr\u00e9ation Personne moraleTarif cr\u00e9ation 1200 DH TTC(frais administratifs non inclus 1600 DH TTC ) Comment se d\u00e9roule votre constitution ?\" \/>\n<meta property=\"og:url\" content=\"https:\/\/hosteen.be\/ar\/comment-ca-marche\/\" \/>\n<meta property=\"og:site_name\" content=\"Domiciliation -Se Domicilier- 100% en ligne au Maroc\" \/>\n<meta property=\"article:modified_time\" content=\"2025-03-19T16:36:08+00:00\" \/>\n<script type=\"application\/ld+json\" class=\"yoast-schema-graph\">{\"@context\":\"https:\/\/schema.org\",\"@graph\":[{\"@type\":\"WebPage\",\"@id\":\"https:\/\/hosteen.be\/comment-ca-marche\/\",\"url\":\"https:\/\/hosteen.be\/comment-ca-marche\/\",\"name\":\"Comment \u00e7a Marche? - Domiciliation -Se Domicilier- 100% en ligne au Maroc\",\"isPartOf\":{\"@id\":\"https:\/\/hosteen.be\/ar\/#website\"},\"datePublished\":\"2022-12-11T22:56:18+00:00\",\"dateModified\":\"2025-03-19T16:36:08+00:00\",\"inLanguage\":\"ary\",\"potentialAction\":[{\"@type\":\"ReadAction\",\"target\":[\"https:\/\/hosteen.be\/comment-ca-marche\/\"]}]},{\"@type\":\"WebSite\",\"@id\":\"https:\/\/hosteen.be\/ar\/#website\",\"url\":\"https:\/\/hosteen.be\/ar\/\",\"name\":\"Domiciliation -Se Domicilier- 100% en ligne au Maroc\",\"description\":\"Domiciliation 100% en ligne \u00e0 39 MAD TTC au Maroc\",\"publisher\":{\"@id\":\"https:\/\/hosteen.be\/ar\/#organization\"},\"potentialAction\":[{\"@type\":\"SearchAction\",\"target\":{\"@type\":\"EntryPoint\",\"urlTemplate\":\"https:\/\/hosteen.be\/ar\/?s={search_term_string}\"},\"query-input\":{\"@type\":\"PropertyValueSpecification\",\"valueRequired\":true,\"valueName\":\"search_term_string\"}}],\"inLanguage\":\"ary\"},{\"@type\":\"Organization\",\"@id\":\"https:\/\/hosteen.be\/ar\/#organization\",\"name\":\"Domiciliation -Se Domicilier- 100% en ligne au Maroc\",\"url\":\"https:\/\/hosteen.be\/ar\/\",\"logo\":{\"@type\":\"ImageObject\",\"inLanguage\":\"ary\",\"@id\":\"https:\/\/hosteen.be\/ar\/#\/schema\/logo\/image\/\",\"url\":\"https:\/\/hosteen.be\/wp-content\/uploads\/2022\/12\/cropped-logo-hosteen-Domiciliation-se-domicilier-Societe-Entreprise-Maroc-Marrakech-15.png\",\"contentUrl\":\"https:\/\/hosteen.be\/wp-content\/uploads\/2022\/12\/cropped-logo-hosteen-Domiciliation-se-domicilier-Societe-Entreprise-Maroc-Marrakech-15.png\",\"width\":467,\"height\":150,\"caption\":\"Domiciliation -Se Domicilier- 100% en ligne au Maroc\"},\"image\":{\"@id\":\"https:\/\/hosteen.be\/ar\/#\/schema\/logo\/image\/\"}}]}<\/script>\n<!-- \/ Yoast SEO plugin. -->","yoast_head_json":{"title":"Comment \u00e7a Marche? - Domiciliation -Se Domicilier- 100% en ligne au Maroc","robots":{"index":"index","follow":"follow","max-snippet":"max-snippet:-1","max-image-preview":"max-image-preview:large","max-video-preview":"max-video-preview:-1"},"canonical":"https:\/\/hosteen.be\/ar\/comment-ca-marche\/","og_locale":"ar_AR","og_type":"article","og_title":"Comment \u00e7a Marche? - Domiciliation -Se Domicilier- 100% en ligne au Maroc","og_description":"Formulaire cr\u00e9ation personnes morales Pack Cr\u00e9ation Personne moraleTarif cr\u00e9ation 1200 DH TTC(frais administratifs non inclus 1600 DH TTC ) Comment se d\u00e9roule votre constitution ?","og_url":"https:\/\/hosteen.be\/ar\/comment-ca-marche\/","og_site_name":"Domiciliation -Se Domicilier- 100% en ligne au Maroc","article_modified_time":"2025-03-19T16:36:08+00:00","schema":{"@context":"https:\/\/schema.org","@graph":[{"@type":"WebPage","@id":"https:\/\/hosteen.be\/comment-ca-marche\/","url":"https:\/\/hosteen.be\/comment-ca-marche\/","name":"Comment \u00e7a Marche? - Domiciliation -Se Domicilier- 100% en ligne au Maroc","isPartOf":{"@id":"https:\/\/hosteen.be\/ar\/#website"},"datePublished":"2022-12-11T22:56:18+00:00","dateModified":"2025-03-19T16:36:08+00:00","inLanguage":"ary","potentialAction":[{"@type":"ReadAction","target":["https:\/\/hosteen.be\/comment-ca-marche\/"]}]},{"@type":"WebSite","@id":"https:\/\/hosteen.be\/ar\/#website","url":"https:\/\/hosteen.be\/ar\/","name":"Domiciliation -Se Domicilier- 100% en ligne au Maroc","description":"Domiciliation 100% en ligne \u00e0 39 MAD TTC au Maroc","publisher":{"@id":"https:\/\/hosteen.be\/ar\/#organization"},"potentialAction":[{"@type":"SearchAction","target":{"@type":"EntryPoint","urlTemplate":"https:\/\/hosteen.be\/ar\/?s={search_term_string}"},"query-input":{"@type":"PropertyValueSpecification","valueRequired":true,"valueName":"search_term_string"}}],"inLanguage":"ary"},{"@type":"Organization","@id":"https:\/\/hosteen.be\/ar\/#organization","name":"Domiciliation -Se Domicilier- 100% en ligne au Maroc","url":"https:\/\/hosteen.be\/ar\/","logo":{"@type":"ImageObject","inLanguage":"ary","@id":"https:\/\/hosteen.be\/ar\/#\/schema\/logo\/image\/","url":"https:\/\/hosteen.be\/wp-content\/uploads\/2022\/12\/cropped-logo-hosteen-Domiciliation-se-domicilier-Societe-Entreprise-Maroc-Marrakech-15.png","contentUrl":"https:\/\/hosteen.be\/wp-content\/uploads\/2022\/12\/cropped-logo-hosteen-Domiciliation-se-domicilier-Societe-Entreprise-Maroc-Marrakech-15.png","width":467,"height":150,"caption":"Domiciliation -Se Domicilier- 100% en ligne au Maroc"},"image":{"@id":"https:\/\/hosteen.be\/ar\/#\/schema\/logo\/image\/"}}]}},"_links":{"self":[{"href":"https:\/\/hosteen.be\/ar\/wp-json\/wp\/v2\/pages\/1233","targetHints":{"allow":["GET"]}}],"collection":[{"href":"https:\/\/hosteen.be\/ar\/wp-json\/wp\/v2\/pages"}],"about":[{"href":"https:\/\/hosteen.be\/ar\/wp-json\/wp\/v2\/types\/page"}],"author":[{"embeddable":true,"href":"https:\/\/hosteen.be\/ar\/wp-json\/wp\/v2\/users\/1"}],"replies":[{"embeddable":true,"href":"https:\/\/hosteen.be\/ar\/wp-json\/wp\/v2\/comments?post=1233"}],"version-history":[{"count":7,"href":"https:\/\/hosteen.be\/ar\/wp-json\/wp\/v2\/pages\/1233\/revisions"}],"predecessor-version":[{"id":1699,"href":"https:\/\/hosteen.be\/ar\/wp-json\/wp\/v2\/pages\/1233\/revisions\/1699"}],"wp:attachment":[{"href":"https:\/\/hosteen.be\/ar\/wp-json\/wp\/v2\/media?parent=1233"}],"curies":[{"name":"wp","href":"https:\/\/api.w.org\/{rel}","templated":true}]}}