{"id":812,"date":"2022-11-24T20:01:29","date_gmt":"2022-11-24T19:01:29","guid":{"rendered":"https:\/\/www.hosteen.ma\/?page_id=812"},"modified":"2023-10-21T17:55:26","modified_gmt":"2023-10-21T16:55:26","slug":"centre-laayoune-province-sud","status":"publish","type":"page","link":"https:\/\/hosteen.be\/ar\/centre-laayoune-province-sud\/","title":{"rendered":"Centre Laayoune (Province Sud)"},"content":{"rendered":"<h1 class=\"wp-block-heading has-text-align-center\">Nos Tarifs Cr\u00e9ation Entreprise<\/h1><h2 class=\"wp-block-heading has-text-align-center\"><strong>\u0623\u0642\u0644 \u0633\u0639\u0631 \u0641\u064a \u0627\u0644\u0645\u063a\u0631\u0628<\/strong><\/h2><p class=\"has-text-align-center\"><strong>Notre centre de domiciliation et cr\u00e9ation d&rsquo;entreprise \u00e0 La\u00e2youne (Province Sud Maroc):<br>Appt 08 Etage 03 Imm Al Bouchra, Boulevard Al Forsane, La\u00e2youne<\/strong>:<br><a href=\"https:\/\/maps.app.goo.gl\/5PiTgCmTGANfhArY7\">https:\/\/maps.app.goo.gl\/5PiTgCmTGANfhArY7<\/a><\/p><style>.kb-image812_d791ae-d6 .kb-image-has-overlay:after{opacity:0.3;}<\/style>\n<div class=\"wp-block-kadence-image kb-image812_d791ae-d6\"><figure class=\"aligncenter size-large\"><a href=\"https:\/\/hosteen.be\/wp-content\/uploads\/2023\/10\/Hosteen-Centre-Laayoune.jpg\" class=\"kb-advanced-image-link\"><img loading=\"lazy\" decoding=\"async\" width=\"916\" height=\"1024\" src=\"https:\/\/hosteen.be\/wp-content\/uploads\/2023\/10\/Hosteen-Centre-Laayoune-916x1024.jpg\" alt=\"\" class=\"kb-img wp-image-1562\" srcset=\"https:\/\/hosteen.be\/wp-content\/uploads\/2023\/10\/Hosteen-Centre-Laayoune-916x1024.jpg 916w, https:\/\/hosteen.be\/wp-content\/uploads\/2023\/10\/Hosteen-Centre-Laayoune-268x300.jpg 268w, https:\/\/hosteen.be\/wp-content\/uploads\/2023\/10\/Hosteen-Centre-Laayoune-768x859.jpg 768w, https:\/\/hosteen.be\/wp-content\/uploads\/2023\/10\/Hosteen-Centre-Laayoune-11x12.jpg 11w, https:\/\/hosteen.be\/wp-content\/uploads\/2023\/10\/Hosteen-Centre-Laayoune.jpg 1200w\" sizes=\"auto, (max-width: 916px) 100vw, 916px\" \/><\/a><\/figure><\/div><p class=\"has-text-align-center\">\u0641\u0631\u0642\u0646\u0627 \u0631\u0647\u0646 \u0625\u0634\u0627\u0631\u062a\u0643 \u0644\u0644\u0625\u062c\u0627\u0628\u0629 \u0639\u0644\u0649 \u0623\u0633\u0626\u0644\u062a\u0643<br>\u0644\u0645\u0633\u0627\u0639\u062f\u062a\u0643 \u0639\u0644\u0649 \u0625\u062c\u0631\u0627\u0621 \u0648 \u0625\u062a\u0645\u0627\u0645 \u062c\u0645\u064a\u0639 \u062e\u0637\u0648\u0627\u062a\u0643:<\/p><p class=\"has-text-align-center\">\u0645\u0631\u0643\u0632 \u0639\u0644\u0627\u0642\u0627\u062a \u0627\u0644\u0639\u0645\u0644\u0627\u0621:<br>\u0639\u0628\u0631 \u0627\u0644\u0648\u0627\u062a\u0633\u0627\u0628 : 212660797025+<br>\u0627\u0633\u062a\u0645\u0627\u0631\u0629: <a href=\"https:\/\/hosteen.be\/ar\/contact\/\" target=\"_blank\" rel=\"noreferrer noopener\">\u0627\u062a\u0635\u0627\u0644<\/a><br>\u0639\u0628\u0631 \u0627\u0644\u0631\u064a\u062f \u0627\u0644\u0627\u0644\u0643\u062a\u0631\u0648\u0646\u064a : hosteenma@gmail.com<\/p><h6 class=\"wp-block-heading\"><\/h6><style>.kb-google-maps-container812_b8468b-8d{height:450px;}<\/style><div class=\"kb-google-maps-container kb-google-maps-container812_b8468b-8d  wp-block-kadence-googlemaps\" data-mapid=\"812_b8468b8d\"><iframe width=\"100%\" height=\"100%\"\n\t\t\t\t\t\t\tstyle=\"border:0\" loading=\"lazy\"\n\t\t\t\t\t\t\tsrc=\"https:\/\/www.google.com\/maps\/embed\/v1\/place?key=AIzaSyBAM2o7PiQqwk15LC1XRH2e_KJ-jUa7KYk&#038;zoom=11&#038;maptype=satellite&#038;q=https%3A%2F%2Fmaps.app.goo.gl%2F5PiTgCmTGANfhArY7\"\n\t\t\t\t\t\t\ttitle=\"Google map of https:\/\/maps.app.goo.gl\/5PiTgCmTGANfhArY7\"><\/iframe><\/div><script>function kb_google_map812_b8468b8d() { let center = { lat: 37.8201, lng: -122.4781}; let map = new google.maps.Map(document.getElementById(\"kb-google-map812_b8468b8d\"), {\n\t\t\t\t\t    zoom: 11,\n\t\t\t\t\t    center: center,mapTypeId: \"satellite\",});let marker = new google.maps.Marker({   position: { lat: 37.8201, lng: -122.4781},    map: map,  });}<\/script>","protected":false},"excerpt":{"rendered":"<p>Nos Tarifs Cr\u00e9ation Entreprise Le tarif le plus r\u00e9duit du Maroc Notre centre de domiciliation et cr\u00e9ation d&rsquo;entreprise \u00e0 La\u00e2youne (Province Sud Maroc):Appt 08 Etage 03 Imm Al Bouchra, Boulevard Al Forsane, La\u00e2youne:https:\/\/maps.app.goo.gl\/5PiTgCmTGANfhArY7 Nos \u00e9quipes sont \u00e0 votre disposition pour r\u00e9pondre \u00e0 vos questionset vous aidez \u00e0 accomplir vos d\u00e9marches : Centre de Relation Clients:Par&#8230;<\/p>","protected":false},"author":1,"featured_media":0,"parent":0,"menu_order":0,"comment_status":"closed","ping_status":"closed","template":"","meta":{"_acf_changed":false,"_kadence_starter_templates_imported_post":false,"_kad_post_transparent":"","_kad_post_title":"","_kad_post_layout":"","_kad_post_sidebar_id":"","_kad_post_content_style":"","_kad_post_vertical_padding":"","_kad_post_feature":"","_kad_post_feature_position":"","_kad_post_header":false,"_kad_post_footer":false,"footnotes":""},"class_list":["post-812","page","type-page","status-publish","hentry"],"acf":[],"yoast_head":"<!-- This site is optimized with the Yoast SEO plugin v24.7 - https:\/\/yoast.com\/wordpress\/plugins\/seo\/ -->\n<title>Centre Laayoune (Province Sud) - Domiciliation -Se Domicilier- 100% en ligne au Maroc<\/title>\n<meta name=\"description\" content=\"La Meilleure offre de domiciliation et de cr\u00e9ation d&#039;entreprise \u00e0 Marrakech, \u00e0 La\u00e2youne et au Maroc. Cr\u00e9ation d&#039;entreprise Gratuite en 72 H.\" \/>\n<meta name=\"robots\" content=\"index, follow, max-snippet:-1, max-image-preview:large, max-video-preview:-1\" \/>\n<link rel=\"canonical\" href=\"https:\/\/hosteen.be\/ar\/centre-laayoune-province-sud\/\" \/>\n<meta property=\"og:locale\" content=\"ar_AR\" \/>\n<meta property=\"og:type\" content=\"article\" \/>\n<meta property=\"og:title\" content=\"Centre Laayoune (Province Sud) - Domiciliation -Se Domicilier- 100% en ligne au Maroc\" \/>\n<meta property=\"og:description\" content=\"La Meilleure offre de domiciliation et de cr\u00e9ation d&#039;entreprise \u00e0 Marrakech, \u00e0 La\u00e2youne et au Maroc. Cr\u00e9ation d&#039;entreprise Gratuite en 72 H.\" \/>\n<meta property=\"og:url\" content=\"https:\/\/hosteen.be\/ar\/centre-laayoune-province-sud\/\" \/>\n<meta property=\"og:site_name\" content=\"Domiciliation -Se Domicilier- 100% en ligne au Maroc\" \/>\n<meta property=\"article:modified_time\" content=\"2023-10-21T16:55:26+00:00\" \/>\n<meta property=\"og:image\" content=\"https:\/\/hosteen.be\/wp-content\/uploads\/2023\/10\/Hosteen-Centre-Laayoune-916x1024.jpg\" \/>\n<meta name=\"twitter:label1\" content=\"Est. reading time\" \/>\n\t<meta name=\"twitter:data1\" content=\"1 minute\" \/>\n<script type=\"application\/ld+json\" class=\"yoast-schema-graph\">{\"@context\":\"https:\/\/schema.org\",\"@graph\":[{\"@type\":\"WebPage\",\"@id\":\"https:\/\/hosteen.be\/centre-laayoune-province-sud\/\",\"url\":\"https:\/\/hosteen.be\/centre-laayoune-province-sud\/\",\"name\":\"Centre Laayoune (Province Sud) - Domiciliation -Se Domicilier- 100% en ligne au Maroc\",\"isPartOf\":{\"@id\":\"https:\/\/hosteen.be\/ar\/#website\"},\"primaryImageOfPage\":{\"@id\":\"https:\/\/hosteen.be\/centre-laayoune-province-sud\/#primaryimage\"},\"image\":{\"@id\":\"https:\/\/hosteen.be\/centre-laayoune-province-sud\/#primaryimage\"},\"thumbnailUrl\":\"https:\/\/hosteen.be\/wp-content\/uploads\/2023\/10\/Hosteen-Centre-Laayoune-916x1024.jpg\",\"datePublished\":\"2022-11-24T19:01:29+00:00\",\"dateModified\":\"2023-10-21T16:55:26+00:00\",\"description\":\"La Meilleure offre de domiciliation et de cr\u00e9ation d'entreprise \u00e0 Marrakech, \u00e0 La\u00e2youne et au Maroc. Cr\u00e9ation d'entreprise Gratuite en 72 H.\",\"inLanguage\":\"ary\",\"potentialAction\":[{\"@type\":\"ReadAction\",\"target\":[\"https:\/\/hosteen.be\/centre-laayoune-province-sud\/\"]}]},{\"@type\":\"ImageObject\",\"inLanguage\":\"ary\",\"@id\":\"https:\/\/hosteen.be\/centre-laayoune-province-sud\/#primaryimage\",\"url\":\"https:\/\/hosteen.be\/wp-content\/uploads\/2023\/10\/Hosteen-Centre-Laayoune-916x1024.jpg\",\"contentUrl\":\"https:\/\/hosteen.be\/wp-content\/uploads\/2023\/10\/Hosteen-Centre-Laayoune-916x1024.jpg\"},{\"@type\":\"WebSite\",\"@id\":\"https:\/\/hosteen.be\/ar\/#website\",\"url\":\"https:\/\/hosteen.be\/ar\/\",\"name\":\"Domiciliation -Se Domicilier- 100% en ligne au Maroc\",\"description\":\"Domiciliation 100% en ligne \u00e0 39 MAD TTC au Maroc\",\"publisher\":{\"@id\":\"https:\/\/hosteen.be\/ar\/#organization\"},\"potentialAction\":[{\"@type\":\"SearchAction\",\"target\":{\"@type\":\"EntryPoint\",\"urlTemplate\":\"https:\/\/hosteen.be\/ar\/?s={search_term_string}\"},\"query-input\":{\"@type\":\"PropertyValueSpecification\",\"valueRequired\":true,\"valueName\":\"search_term_string\"}}],\"inLanguage\":\"ary\"},{\"@type\":\"Organization\",\"@id\":\"https:\/\/hosteen.be\/ar\/#organization\",\"name\":\"Domiciliation -Se Domicilier- 100% en ligne au Maroc\",\"url\":\"https:\/\/hosteen.be\/ar\/\",\"logo\":{\"@type\":\"ImageObject\",\"inLanguage\":\"ary\",\"@id\":\"https:\/\/hosteen.be\/ar\/#\/schema\/logo\/image\/\",\"url\":\"https:\/\/hosteen.be\/wp-content\/uploads\/2022\/12\/cropped-logo-hosteen-Domiciliation-se-domicilier-Societe-Entreprise-Maroc-Marrakech-15.png\",\"contentUrl\":\"https:\/\/hosteen.be\/wp-content\/uploads\/2022\/12\/cropped-logo-hosteen-Domiciliation-se-domicilier-Societe-Entreprise-Maroc-Marrakech-15.png\",\"width\":467,\"height\":150,\"caption\":\"Domiciliation -Se Domicilier- 100% en ligne au Maroc\"},\"image\":{\"@id\":\"https:\/\/hosteen.be\/ar\/#\/schema\/logo\/image\/\"}}]}<\/script>\n<!-- \/ Yoast SEO plugin. -->","yoast_head_json":{"title":"Centre Laayoune (Province Sud) - Domiciliation -Se Domicilier- 100% en ligne au Maroc","description":"La Meilleure offre de domiciliation et de cr\u00e9ation d'entreprise \u00e0 Marrakech, \u00e0 La\u00e2youne et au Maroc. Cr\u00e9ation d'entreprise Gratuite en 72 H.","robots":{"index":"index","follow":"follow","max-snippet":"max-snippet:-1","max-image-preview":"max-image-preview:large","max-video-preview":"max-video-preview:-1"},"canonical":"https:\/\/hosteen.be\/ar\/centre-laayoune-province-sud\/","og_locale":"ar_AR","og_type":"article","og_title":"Centre Laayoune (Province Sud) - Domiciliation -Se Domicilier- 100% en ligne au Maroc","og_description":"La Meilleure offre de domiciliation et de cr\u00e9ation d'entreprise \u00e0 Marrakech, \u00e0 La\u00e2youne et au Maroc. Cr\u00e9ation d'entreprise Gratuite en 72 H.","og_url":"https:\/\/hosteen.be\/ar\/centre-laayoune-province-sud\/","og_site_name":"Domiciliation -Se Domicilier- 100% en ligne au Maroc","article_modified_time":"2023-10-21T16:55:26+00:00","og_image":[{"url":"https:\/\/hosteen.be\/wp-content\/uploads\/2023\/10\/Hosteen-Centre-Laayoune-916x1024.jpg","type":"","width":"","height":""}],"twitter_misc":{"Est. reading time":"1 minute"},"schema":{"@context":"https:\/\/schema.org","@graph":[{"@type":"WebPage","@id":"https:\/\/hosteen.be\/centre-laayoune-province-sud\/","url":"https:\/\/hosteen.be\/centre-laayoune-province-sud\/","name":"Centre Laayoune (Province Sud) - Domiciliation -Se Domicilier- 100% en ligne au Maroc","isPartOf":{"@id":"https:\/\/hosteen.be\/ar\/#website"},"primaryImageOfPage":{"@id":"https:\/\/hosteen.be\/centre-laayoune-province-sud\/#primaryimage"},"image":{"@id":"https:\/\/hosteen.be\/centre-laayoune-province-sud\/#primaryimage"},"thumbnailUrl":"https:\/\/hosteen.be\/wp-content\/uploads\/2023\/10\/Hosteen-Centre-Laayoune-916x1024.jpg","datePublished":"2022-11-24T19:01:29+00:00","dateModified":"2023-10-21T16:55:26+00:00","description":"La Meilleure offre de domiciliation et de cr\u00e9ation d'entreprise \u00e0 Marrakech, \u00e0 La\u00e2youne et au Maroc. Cr\u00e9ation d'entreprise Gratuite en 72 H.","inLanguage":"ary","potentialAction":[{"@type":"ReadAction","target":["https:\/\/hosteen.be\/centre-laayoune-province-sud\/"]}]},{"@type":"ImageObject","inLanguage":"ary","@id":"https:\/\/hosteen.be\/centre-laayoune-province-sud\/#primaryimage","url":"https:\/\/hosteen.be\/wp-content\/uploads\/2023\/10\/Hosteen-Centre-Laayoune-916x1024.jpg","contentUrl":"https:\/\/hosteen.be\/wp-content\/uploads\/2023\/10\/Hosteen-Centre-Laayoune-916x1024.jpg"},{"@type":"WebSite","@id":"https:\/\/hosteen.be\/ar\/#website","url":"https:\/\/hosteen.be\/ar\/","name":"Domiciliation -Se Domicilier- 100% en ligne au Maroc","description":"Domiciliation 100% en ligne \u00e0 39 MAD TTC au Maroc","publisher":{"@id":"https:\/\/hosteen.be\/ar\/#organization"},"potentialAction":[{"@type":"SearchAction","target":{"@type":"EntryPoint","urlTemplate":"https:\/\/hosteen.be\/ar\/?s={search_term_string}"},"query-input":{"@type":"PropertyValueSpecification","valueRequired":true,"valueName":"search_term_string"}}],"inLanguage":"ary"},{"@type":"Organization","@id":"https:\/\/hosteen.be\/ar\/#organization","name":"Domiciliation -Se Domicilier- 100% en ligne au Maroc","url":"https:\/\/hosteen.be\/ar\/","logo":{"@type":"ImageObject","inLanguage":"ary","@id":"https:\/\/hosteen.be\/ar\/#\/schema\/logo\/image\/","url":"https:\/\/hosteen.be\/wp-content\/uploads\/2022\/12\/cropped-logo-hosteen-Domiciliation-se-domicilier-Societe-Entreprise-Maroc-Marrakech-15.png","contentUrl":"https:\/\/hosteen.be\/wp-content\/uploads\/2022\/12\/cropped-logo-hosteen-Domiciliation-se-domicilier-Societe-Entreprise-Maroc-Marrakech-15.png","width":467,"height":150,"caption":"Domiciliation -Se Domicilier- 100% en ligne au Maroc"},"image":{"@id":"https:\/\/hosteen.be\/ar\/#\/schema\/logo\/image\/"}}]}},"_links":{"self":[{"href":"https:\/\/hosteen.be\/ar\/wp-json\/wp\/v2\/pages\/812","targetHints":{"allow":["GET"]}}],"collection":[{"href":"https:\/\/hosteen.be\/ar\/wp-json\/wp\/v2\/pages"}],"about":[{"href":"https:\/\/hosteen.be\/ar\/wp-json\/wp\/v2\/types\/page"}],"author":[{"embeddable":true,"href":"https:\/\/hosteen.be\/ar\/wp-json\/wp\/v2\/users\/1"}],"replies":[{"embeddable":true,"href":"https:\/\/hosteen.be\/ar\/wp-json\/wp\/v2\/comments?post=812"}],"version-history":[{"count":15,"href":"https:\/\/hosteen.be\/ar\/wp-json\/wp\/v2\/pages\/812\/revisions"}],"predecessor-version":[{"id":1576,"href":"https:\/\/hosteen.be\/ar\/wp-json\/wp\/v2\/pages\/812\/revisions\/1576"}],"wp:attachment":[{"href":"https:\/\/hosteen.be\/ar\/wp-json\/wp\/v2\/media?parent=812"}],"curies":[{"name":"wp","href":"https:\/\/api.w.org\/{rel}","templated":true}]}}